{"id":4950,"date":"2025-07-08T12:35:25","date_gmt":"2025-07-08T10:35:25","guid":{"rendered":"https:\/\/www.siegfriedschmaelzle.com\/?post_type=product&#038;p=4950"},"modified":"2025-09-09T16:12:10","modified_gmt":"2025-09-09T14:12:10","slug":"linearverstaerker-ab-tc2000-werkstatt-ueberholt","status":"publish","type":"product","link":"https:\/\/www.siegfriedschmaelzle.com\/en\/produkt\/linearverstaerker-ab-tc2000-werkstatt-ueberholt\/","title":{"rendered":"Linearverst\u00e4rker ab TruMatic TC2000-TC7000 Werkstatt \u00fcberholt"},"content":{"rendered":"<p><img loading=\"lazy\" decoding=\"async\" class=\"alignnone size-medium wp-image-4951\" src=\"https:\/\/www.siegfriedschmaelzle.com\/wp-content\/uploads\/lv-5000-7000-225x300.jpg\" alt=\"\" width=\"225\" height=\"300\" srcset=\"https:\/\/www.siegfriedschmaelzle.com\/wp-content\/uploads\/lv-5000-7000-225x300.jpg 225w, https:\/\/www.siegfriedschmaelzle.com\/wp-content\/uploads\/lv-5000-7000.jpg 400w\" sizes=\"auto, (max-width: 225px) 100vw, 225px\" \/><\/p>\n<p>Der Linearverst\u00e4rker wurde komplett Werkstatt \u00fcberholt und getestet. Fachgerechten Einbau mu\u00df gesichert sein<\/p>\n<p>&nbsp;<\/p>\n","protected":false},"excerpt":{"rendered":"<p>Der Linearverst\u00e4rker wurde komplett Werkstatt \u00fcberholt und getestet. Fachgerechten Einbau mu\u00df gesichert sein &nbsp;<\/p>\n","protected":false},"featured_media":4951,"template":"","meta":{"_acf_changed":false},"product_brand":[],"product_cat":[23,41,44],"product_tag":[],"class_list":{"0":"post-4950","1":"product","2":"type-product","3":"status-publish","4":"has-post-thumbnail","6":"product_cat-gebraucht","7":"product_cat-standardwerkzeuge","8":"product_cat-zubehoer","10":"first","11":"instock","12":"taxable","13":"shipping-taxable","14":"purchasable","15":"product-type-simple"},"acf":[],"_links":{"self":[{"href":"https:\/\/www.siegfriedschmaelzle.com\/en\/wp-json\/wp\/v2\/product\/4950","targetHints":{"allow":["GET"]}}],"collection":[{"href":"https:\/\/www.siegfriedschmaelzle.com\/en\/wp-json\/wp\/v2\/product"}],"about":[{"href":"https:\/\/www.siegfriedschmaelzle.com\/en\/wp-json\/wp\/v2\/types\/product"}],"wp:featuredmedia":[{"embeddable":true,"href":"https:\/\/www.siegfriedschmaelzle.com\/en\/wp-json\/wp\/v2\/media\/4951"}],"wp:attachment":[{"href":"https:\/\/www.siegfriedschmaelzle.com\/en\/wp-json\/wp\/v2\/media?parent=4950"}],"wp:term":[{"taxonomy":"product_brand","embeddable":true,"href":"https:\/\/www.siegfriedschmaelzle.com\/en\/wp-json\/wp\/v2\/product_brand?post=4950"},{"taxonomy":"product_cat","embeddable":true,"href":"https:\/\/www.siegfriedschmaelzle.com\/en\/wp-json\/wp\/v2\/product_cat?post=4950"},{"taxonomy":"product_tag","embeddable":true,"href":"https:\/\/www.siegfriedschmaelzle.com\/en\/wp-json\/wp\/v2\/product_tag?post=4950"}],"curies":[{"name":"wp","href":"https:\/\/api.w.org\/{rel}","templated":true}]}}