{"id":4045,"date":"2024-05-06T13:38:23","date_gmt":"2024-05-06T11:38:23","guid":{"rendered":"https:\/\/www.siegfriedschmaelzle.com\/?post_type=product&#038;p=4045"},"modified":"2025-07-04T10:45:06","modified_gmt":"2025-07-04T08:45:06","slug":"slag-monster-stegreiniger","status":"publish","type":"product","link":"https:\/\/www.siegfriedschmaelzle.com\/en\/produkt\/slag-monster-stegreiniger\/","title":{"rendered":"Linearverst\u00e4rker TC500 \u00fcberholt"},"content":{"rendered":"<p><img loading=\"lazy\" decoding=\"async\" class=\"alignnone size-medium wp-image-4162\" src=\"https:\/\/www.siegfriedschmaelzle.com\/wp-content\/uploads\/20240305-125825-225x300.jpg\" alt=\"\" width=\"225\" height=\"300\" srcset=\"https:\/\/www.siegfriedschmaelzle.com\/wp-content\/uploads\/20240305-125825-225x300.jpg 225w, https:\/\/www.siegfriedschmaelzle.com\/wp-content\/uploads\/20240305-125825-768x1024.jpg 768w, https:\/\/www.siegfriedschmaelzle.com\/wp-content\/uploads\/20240305-125825-1152x1536.jpg 1152w, https:\/\/www.siegfriedschmaelzle.com\/wp-content\/uploads\/20240305-125825-1536x2048.jpg 1536w, https:\/\/www.siegfriedschmaelzle.com\/wp-content\/uploads\/20240305-125825-576x768.jpg 576w, https:\/\/www.siegfriedschmaelzle.com\/wp-content\/uploads\/20240305-125825-600x800.jpg 600w, https:\/\/www.siegfriedschmaelzle.com\/wp-content\/uploads\/20240305-125825-scaled.jpg 1920w\" sizes=\"auto, (max-width: 225px) 100vw, 225px\" \/><\/p>\n<p>Der Linearverst\u00e4rker wurde komplett \u00fcberholt und getestet. Fachgerechten Einbau mu\u00df gesichert sein<\/p>\n<p>&nbsp;<\/p>\n","protected":false},"excerpt":{"rendered":"<p>Der Linearverst\u00e4rker wurde komplett \u00fcberholt und getestet. Fachgerechten Einbau mu\u00df gesichert sein &nbsp;<\/p>\n","protected":false},"featured_media":4160,"template":"","meta":{"_acf_changed":false},"product_brand":[],"product_cat":[23,41,44],"product_tag":[],"class_list":{"0":"post-4045","1":"product","2":"type-product","3":"status-publish","4":"has-post-thumbnail","6":"product_cat-gebraucht","7":"product_cat-standardwerkzeuge","8":"product_cat-zubehoer","10":"first","11":"outofstock","12":"taxable","13":"shipping-taxable","14":"purchasable","15":"product-type-simple"},"acf":[],"_links":{"self":[{"href":"https:\/\/www.siegfriedschmaelzle.com\/en\/wp-json\/wp\/v2\/product\/4045","targetHints":{"allow":["GET"]}}],"collection":[{"href":"https:\/\/www.siegfriedschmaelzle.com\/en\/wp-json\/wp\/v2\/product"}],"about":[{"href":"https:\/\/www.siegfriedschmaelzle.com\/en\/wp-json\/wp\/v2\/types\/product"}],"wp:featuredmedia":[{"embeddable":true,"href":"https:\/\/www.siegfriedschmaelzle.com\/en\/wp-json\/wp\/v2\/media\/4160"}],"wp:attachment":[{"href":"https:\/\/www.siegfriedschmaelzle.com\/en\/wp-json\/wp\/v2\/media?parent=4045"}],"wp:term":[{"taxonomy":"product_brand","embeddable":true,"href":"https:\/\/www.siegfriedschmaelzle.com\/en\/wp-json\/wp\/v2\/product_brand?post=4045"},{"taxonomy":"product_cat","embeddable":true,"href":"https:\/\/www.siegfriedschmaelzle.com\/en\/wp-json\/wp\/v2\/product_cat?post=4045"},{"taxonomy":"product_tag","embeddable":true,"href":"https:\/\/www.siegfriedschmaelzle.com\/en\/wp-json\/wp\/v2\/product_tag?post=4045"}],"curies":[{"name":"wp","href":"https:\/\/api.w.org\/{rel}","templated":true}]}}