{"id":3720,"date":"2024-04-15T15:53:46","date_gmt":"2024-04-15T13:53:46","guid":{"rendered":"https:\/\/www.siegfriedschmaelzle.com\/?post_type=product&#038;p=3720"},"modified":"2024-04-15T15:55:36","modified_gmt":"2024-04-15T13:55:36","slug":"sphaerenspiegel-ueberarbeitet","status":"publish","type":"product","link":"https:\/\/www.siegfriedschmaelzle.com\/en\/produkt\/sphaerenspiegel-ueberarbeitet\/","title":{"rendered":"Sph\u00e4renspiegel, \u00fcberarbeitet"},"content":{"rendered":"<p>\u00d8 68 mm x 34 mm<br \/>\nR = 13.000 mm cc<br \/>\nOFHC-Kupfer<br \/>\nunbeschichtet<\/p>\n","protected":false},"excerpt":{"rendered":"<p>\u00d8 68 mm x 34 mm R = 13.000 mm cc OFHC-Kupfer unbeschichtet<\/p>\n","protected":false},"featured_media":3721,"template":"","meta":{"_acf_changed":false},"product_brand":[],"product_cat":[23,44],"product_tag":[],"class_list":{"0":"post-3720","1":"product","2":"type-product","3":"status-publish","4":"has-post-thumbnail","6":"product_cat-gebraucht","7":"product_cat-zubehoer","9":"first","10":"instock","11":"taxable","12":"shipping-taxable","13":"product-type-simple"},"acf":[],"_links":{"self":[{"href":"https:\/\/www.siegfriedschmaelzle.com\/en\/wp-json\/wp\/v2\/product\/3720","targetHints":{"allow":["GET"]}}],"collection":[{"href":"https:\/\/www.siegfriedschmaelzle.com\/en\/wp-json\/wp\/v2\/product"}],"about":[{"href":"https:\/\/www.siegfriedschmaelzle.com\/en\/wp-json\/wp\/v2\/types\/product"}],"wp:featuredmedia":[{"embeddable":true,"href":"https:\/\/www.siegfriedschmaelzle.com\/en\/wp-json\/wp\/v2\/media\/3721"}],"wp:attachment":[{"href":"https:\/\/www.siegfriedschmaelzle.com\/en\/wp-json\/wp\/v2\/media?parent=3720"}],"wp:term":[{"taxonomy":"product_brand","embeddable":true,"href":"https:\/\/www.siegfriedschmaelzle.com\/en\/wp-json\/wp\/v2\/product_brand?post=3720"},{"taxonomy":"product_cat","embeddable":true,"href":"https:\/\/www.siegfriedschmaelzle.com\/en\/wp-json\/wp\/v2\/product_cat?post=3720"},{"taxonomy":"product_tag","embeddable":true,"href":"https:\/\/www.siegfriedschmaelzle.com\/en\/wp-json\/wp\/v2\/product_tag?post=3720"}],"curies":[{"name":"wp","href":"https:\/\/api.w.org\/{rel}","templated":true}]}}