{"id":3421,"date":"2024-03-22T15:27:04","date_gmt":"2024-03-22T14:27:04","guid":{"rendered":"https:\/\/www.siegfriedschmaelzle.com\/?post_type=product&#038;p=3421"},"modified":"2024-04-19T16:22:40","modified_gmt":"2024-04-19T14:22:40","slug":"multitool-6-fach-gebraucht","status":"publish","type":"product","link":"https:\/\/www.siegfriedschmaelzle.com\/en\/produkt\/multitool-6-fach-gebraucht\/","title":{"rendered":"MultiTool 6-fach, gebraucht"},"content":{"rendered":"<table>\n<tbody>\n<tr>\n<td>\n<table width=\"1028\">\n<tbody>\n<tr>\n<td width=\"284\">6-fach Multitool komplett (vgl.699.830)<\/p>\n<p>TC 190 R, 200 R, 240 R, 260 R, 500 R,\u00a0 600 L<\/p>\n<p>&nbsp;<\/p>\n<p>1: Stempelaufnahme f\u00fcr 6-fach MultiTool<\/p>\n<p>(vgl.712.118 \/ f\u00fcr TC 240 R + 260 R: vgl.203.629)<\/p>\n<p>2: Matrizenaufnahme f\u00fcr 6-fach MultiTool<\/p>\n<p>(vgl.75.560)<\/p>\n<p>(Komponenten nicht einzeln erh\u00e4ltlich)<\/p>\n<p><strong><em>\u00a0<\/em><\/strong><\/td>\n<\/tr>\n<\/tbody>\n<\/table>\n<\/td>\n<\/tr>\n<\/tbody>\n<\/table>\n<p>&nbsp;<\/p>\n","protected":false},"excerpt":{"rendered":"<p>6-fach Multitool komplett (vgl.699.830) TC 190 R, 200 R, 240 R, 260 R, 500 R,\u00a0 600 L &nbsp; 1: Stempelaufnahme f\u00fcr 6-fach MultiTool (vgl.712.118 \/ f\u00fcr TC 240 R + 260 R: vgl.203.629) 2: Matrizenaufnahme f\u00fcr 6-fach MultiTool (vgl.75.560) (Komponenten nicht einzeln erh\u00e4ltlich) \u00a0 &nbsp;<\/p>\n","protected":false},"featured_media":3767,"template":"","meta":{"_acf_changed":false},"product_brand":[],"product_cat":[23,42],"product_tag":[],"class_list":{"0":"post-3421","1":"product","2":"type-product","3":"status-publish","4":"has-post-thumbnail","6":"product_cat-gebraucht","7":"product_cat-multitoolwerkzeuge","9":"first","10":"instock","11":"taxable","12":"shipping-taxable","13":"purchasable","14":"product-type-simple"},"acf":[],"_links":{"self":[{"href":"https:\/\/www.siegfriedschmaelzle.com\/en\/wp-json\/wp\/v2\/product\/3421","targetHints":{"allow":["GET"]}}],"collection":[{"href":"https:\/\/www.siegfriedschmaelzle.com\/en\/wp-json\/wp\/v2\/product"}],"about":[{"href":"https:\/\/www.siegfriedschmaelzle.com\/en\/wp-json\/wp\/v2\/types\/product"}],"wp:featuredmedia":[{"embeddable":true,"href":"https:\/\/www.siegfriedschmaelzle.com\/en\/wp-json\/wp\/v2\/media\/3767"}],"wp:attachment":[{"href":"https:\/\/www.siegfriedschmaelzle.com\/en\/wp-json\/wp\/v2\/media?parent=3421"}],"wp:term":[{"taxonomy":"product_brand","embeddable":true,"href":"https:\/\/www.siegfriedschmaelzle.com\/en\/wp-json\/wp\/v2\/product_brand?post=3421"},{"taxonomy":"product_cat","embeddable":true,"href":"https:\/\/www.siegfriedschmaelzle.com\/en\/wp-json\/wp\/v2\/product_cat?post=3421"},{"taxonomy":"product_tag","embeddable":true,"href":"https:\/\/www.siegfriedschmaelzle.com\/en\/wp-json\/wp\/v2\/product_tag?post=3421"}],"curies":[{"name":"wp","href":"https:\/\/api.w.org\/{rel}","templated":true}]}}