{"id":3414,"date":"2024-03-22T15:20:55","date_gmt":"2024-03-22T14:20:55","guid":{"rendered":"https:\/\/www.siegfriedschmaelzle.com\/?post_type=product&#038;p=3414"},"modified":"2024-04-15T15:06:56","modified_gmt":"2024-04-15T13:06:56","slug":"multitool-4-fach-ueberholt","status":"publish","type":"product","link":"https:\/\/www.siegfriedschmaelzle.com\/en\/produkt\/multitool-4-fach-ueberholt\/","title":{"rendered":"MultiTool 4-fach, \u00fcberholt"},"content":{"rendered":"<table>\n<tbody>\n<tr>\n<td>\n<table width=\"1028\">\n<tbody>\n<tr>\n<td width=\"284\">4-fach Multitool komplett (vgl.699.830)<\/p>\n<p>TC 190 R, 200 R, 240 R, 260 R, 500 R,\u00a0 600 L<\/p>\n<p>hersteller-\u00fcberholt<\/p>\n<p>&nbsp;<\/p>\n<p>1: Stempelaufnahme f\u00fcr 4-fach MultiTool<\/p>\n<p>(vgl.712.118 \/ f\u00fcr TC 240 R + 260 R: vgl.203.629)<\/p>\n<p>2: Matrizenaufnahme f\u00fcr 4-fach MultiTool<\/p>\n<p>(vgl.75.560)<\/p>\n<p>(Komponenten nicht einzeln erh\u00e4ltlich)<\/p>\n<p><strong><em>\u00a0<\/em><\/strong><\/td>\n<\/tr>\n<\/tbody>\n<\/table>\n<\/td>\n<\/tr>\n<\/tbody>\n<\/table>\n<p>&nbsp;<\/p>\n","protected":false},"excerpt":{"rendered":"<p>4-fach Multitool komplett (vgl.699.830) TC 190 R, 200 R, 240 R, 260 R, 500 R,\u00a0 600 L hersteller-\u00fcberholt &nbsp; 1: Stempelaufnahme f\u00fcr 4-fach MultiTool (vgl.712.118 \/ f\u00fcr TC 240 R + 260 R: vgl.203.629) 2: Matrizenaufnahme f\u00fcr 4-fach MultiTool (vgl.75.560) (Komponenten nicht einzeln erh\u00e4ltlich) \u00a0 &nbsp;<\/p>\n","protected":false},"featured_media":3692,"template":"","meta":{"_acf_changed":false},"product_brand":[],"product_cat":[23,42],"product_tag":[],"class_list":{"0":"post-3414","1":"product","2":"type-product","3":"status-publish","4":"has-post-thumbnail","6":"product_cat-gebraucht","7":"product_cat-multitoolwerkzeuge","9":"first","10":"instock","11":"taxable","12":"shipping-taxable","13":"purchasable","14":"product-type-simple"},"acf":[],"_links":{"self":[{"href":"https:\/\/www.siegfriedschmaelzle.com\/en\/wp-json\/wp\/v2\/product\/3414","targetHints":{"allow":["GET"]}}],"collection":[{"href":"https:\/\/www.siegfriedschmaelzle.com\/en\/wp-json\/wp\/v2\/product"}],"about":[{"href":"https:\/\/www.siegfriedschmaelzle.com\/en\/wp-json\/wp\/v2\/types\/product"}],"wp:featuredmedia":[{"embeddable":true,"href":"https:\/\/www.siegfriedschmaelzle.com\/en\/wp-json\/wp\/v2\/media\/3692"}],"wp:attachment":[{"href":"https:\/\/www.siegfriedschmaelzle.com\/en\/wp-json\/wp\/v2\/media?parent=3414"}],"wp:term":[{"taxonomy":"product_brand","embeddable":true,"href":"https:\/\/www.siegfriedschmaelzle.com\/en\/wp-json\/wp\/v2\/product_brand?post=3414"},{"taxonomy":"product_cat","embeddable":true,"href":"https:\/\/www.siegfriedschmaelzle.com\/en\/wp-json\/wp\/v2\/product_cat?post=3414"},{"taxonomy":"product_tag","embeddable":true,"href":"https:\/\/www.siegfriedschmaelzle.com\/en\/wp-json\/wp\/v2\/product_tag?post=3414"}],"curies":[{"name":"wp","href":"https:\/\/api.w.org\/{rel}","templated":true}]}}