{"id":3411,"date":"2024-03-22T14:47:41","date_gmt":"2024-03-22T13:47:41","guid":{"rendered":"https:\/\/www.siegfriedschmaelzle.com\/?post_type=product&#038;p=3411"},"modified":"2024-04-15T15:12:45","modified_gmt":"2024-04-15T13:12:45","slug":"multitool-10-fach-neu","status":"publish","type":"product","link":"https:\/\/www.siegfriedschmaelzle.com\/en\/produkt\/multitool-10-fach-neu\/","title":{"rendered":"MultiTool 10-fach"},"content":{"rendered":"<table>\n<tbody>\n<tr>\n<td>10-fach Multitool komplett (vgl.699.830)<br \/>\nTruPunch 1000, 2000, 2020, 3000, 5000<br \/>\nTrumatic 1000, 3000, 6000, 7000<br \/>\nTC 1000 R, 2000 R, 2020 R, 3000 R, 3000 L, 5000 R, 6000 L1: Stempelaufnahme f\u00fcr 10-fach MultiTool (vgl.630.539)2: Matrizenaufnahme f\u00fcr 10-fach MultiTool (vgl.358.911)3: Abstreifer f\u00fcr 10-fach MultiTool (vgl.641.046)<\/td>\n<\/tr>\n<\/tbody>\n<\/table>\n<p>Einzelpreise auf Anfrage<\/p>\n","protected":false},"excerpt":{"rendered":"<p>10-fach Multitool komplett (vgl.699.830) TruPunch 1000, 2000, 2020, 3000, 5000 Trumatic 1000, 3000, 6000, 7000 TC 1000 R, 2000 R, 2020 R, 3000 R, 3000 L, 5000 R, 6000 L1: Stempelaufnahme f\u00fcr 10-fach MultiTool (vgl.630.539)2: Matrizenaufnahme f\u00fcr 10-fach MultiTool (vgl.358.911)3: Abstreifer f\u00fcr 10-fach MultiTool (vgl.641.046) Einzelpreise auf Anfrage<\/p>\n","protected":false},"featured_media":3696,"template":"","meta":{"_acf_changed":false},"product_brand":[],"product_cat":[42],"product_tag":[],"class_list":{"0":"post-3411","1":"product","2":"type-product","3":"status-publish","4":"has-post-thumbnail","6":"product_cat-multitoolwerkzeuge","8":"first","9":"instock","10":"taxable","11":"shipping-taxable","12":"purchasable","13":"product-type-simple"},"acf":[],"_links":{"self":[{"href":"https:\/\/www.siegfriedschmaelzle.com\/en\/wp-json\/wp\/v2\/product\/3411","targetHints":{"allow":["GET"]}}],"collection":[{"href":"https:\/\/www.siegfriedschmaelzle.com\/en\/wp-json\/wp\/v2\/product"}],"about":[{"href":"https:\/\/www.siegfriedschmaelzle.com\/en\/wp-json\/wp\/v2\/types\/product"}],"wp:featuredmedia":[{"embeddable":true,"href":"https:\/\/www.siegfriedschmaelzle.com\/en\/wp-json\/wp\/v2\/media\/3696"}],"wp:attachment":[{"href":"https:\/\/www.siegfriedschmaelzle.com\/en\/wp-json\/wp\/v2\/media?parent=3411"}],"wp:term":[{"taxonomy":"product_brand","embeddable":true,"href":"https:\/\/www.siegfriedschmaelzle.com\/en\/wp-json\/wp\/v2\/product_brand?post=3411"},{"taxonomy":"product_cat","embeddable":true,"href":"https:\/\/www.siegfriedschmaelzle.com\/en\/wp-json\/wp\/v2\/product_cat?post=3411"},{"taxonomy":"product_tag","embeddable":true,"href":"https:\/\/www.siegfriedschmaelzle.com\/en\/wp-json\/wp\/v2\/product_tag?post=3411"}],"curies":[{"name":"wp","href":"https:\/\/api.w.org\/{rel}","templated":true}]}}