{"id":3409,"date":"2024-03-22T14:47:27","date_gmt":"2024-03-22T13:47:27","guid":{"rendered":"https:\/\/www.siegfriedschmaelzle.com\/?post_type=product&#038;p=3409"},"modified":"2024-04-15T15:23:02","modified_gmt":"2024-04-15T13:23:02","slug":"multitool-5-fach-neu","status":"publish","type":"product","link":"https:\/\/www.siegfriedschmaelzle.com\/en\/produkt\/multitool-5-fach-neu\/","title":{"rendered":"MultiTool 5-fach"},"content":{"rendered":"<table>\n<tbody>\n<tr>\n<td>5-fach Multitool komplett (vgl.699.830)<br \/>\nTruPunch 1000, 2000, 2020, 3000, 5000<br \/>\nTrumatic 1000, 3000, 6000, 7000<br \/>\nTC 1000 R, 2000 R, 2020 R, 3000 R, 3000 L, 5000 R, 6000 L1: Stempelaufnahme f\u00fcr 5-fach MultiTool (vgl.629.134)2: Matrizenaufnahme f\u00fcr 5-fach MultiTool (vgl.629.150)<\/p>\n<p>3: Abstreifer f\u00fcr 5-fach MultiTool (vgl.629.161)<\/td>\n<\/tr>\n<\/tbody>\n<\/table>\n<p>Einzelpreise auf Anfrage<\/p>\n","protected":false},"excerpt":{"rendered":"<p>5-fach Multitool komplett (vgl.699.830) TruPunch 1000, 2000, 2020, 3000, 5000 Trumatic 1000, 3000, 6000, 7000 TC 1000 R, 2000 R, 2020 R, 3000 R, 3000 L, 5000 R, 6000 L1: Stempelaufnahme f\u00fcr 5-fach MultiTool (vgl.629.134)2: Matrizenaufnahme f\u00fcr 5-fach MultiTool (vgl.629.150) 3: Abstreifer f\u00fcr 5-fach MultiTool (vgl.629.161) Einzelpreise auf Anfrage<\/p>\n","protected":false},"featured_media":3703,"template":"","meta":{"_acf_changed":false},"product_brand":[],"product_cat":[42],"product_tag":[],"class_list":{"0":"post-3409","1":"product","2":"type-product","3":"status-publish","4":"has-post-thumbnail","6":"product_cat-multitoolwerkzeuge","8":"first","9":"instock","10":"taxable","11":"shipping-taxable","12":"purchasable","13":"product-type-simple"},"acf":[],"_links":{"self":[{"href":"https:\/\/www.siegfriedschmaelzle.com\/en\/wp-json\/wp\/v2\/product\/3409","targetHints":{"allow":["GET"]}}],"collection":[{"href":"https:\/\/www.siegfriedschmaelzle.com\/en\/wp-json\/wp\/v2\/product"}],"about":[{"href":"https:\/\/www.siegfriedschmaelzle.com\/en\/wp-json\/wp\/v2\/types\/product"}],"wp:featuredmedia":[{"embeddable":true,"href":"https:\/\/www.siegfriedschmaelzle.com\/en\/wp-json\/wp\/v2\/media\/3703"}],"wp:attachment":[{"href":"https:\/\/www.siegfriedschmaelzle.com\/en\/wp-json\/wp\/v2\/media?parent=3409"}],"wp:term":[{"taxonomy":"product_brand","embeddable":true,"href":"https:\/\/www.siegfriedschmaelzle.com\/en\/wp-json\/wp\/v2\/product_brand?post=3409"},{"taxonomy":"product_cat","embeddable":true,"href":"https:\/\/www.siegfriedschmaelzle.com\/en\/wp-json\/wp\/v2\/product_cat?post=3409"},{"taxonomy":"product_tag","embeddable":true,"href":"https:\/\/www.siegfriedschmaelzle.com\/en\/wp-json\/wp\/v2\/product_tag?post=3409"}],"curies":[{"name":"wp","href":"https:\/\/api.w.org\/{rel}","templated":true}]}}